{"id":2216,"date":"2022-08-23T16:06:53","date_gmt":"2022-08-23T13:06:53","guid":{"rendered":"https:\/\/sadepakplastik.com.tr\/?page_id=2216"},"modified":"2022-11-22T15:50:39","modified_gmt":"2022-11-22T12:50:39","slug":"aitisal","status":"publish","type":"page","link":"https:\/\/sadepakplastik.com.tr\/ar\/aitisal\/","title":{"rendered":"\u0627\u0644\u0627\u062a\u0635\u0627\u0644\u0627\u062a"},"content":{"rendered":"\t\t<div data-elementor-type=\"wp-page\" data-elementor-id=\"2216\" class=\"elementor elementor-2216\">\n\t\t\t\t\t\t<section class=\"elementor-section elementor-top-section elementor-element elementor-element-1d8a1d54 elementor-section-boxed elementor-section-height-default elementor-section-height-default\" data-id=\"1d8a1d54\" data-element_type=\"section\" data-settings=\"{&quot;background_background&quot;:&quot;classic&quot;}\">\n\t\t\t\t\t\t<div class=\"elementor-container elementor-column-gap-default\">\n\t\t\t\t\t<div class=\"elementor-column elementor-col-100 elementor-top-column elementor-element elementor-element-772938f5 ot-flex-column-vertical elementor-invisible\" data-id=\"772938f5\" data-element_type=\"column\" data-settings=\"{&quot;background_background&quot;:&quot;classic&quot;,&quot;animation&quot;:&quot;fadeInUp&quot;}\">\n\t\t\t<div class=\"elementor-widget-wrap elementor-element-populated\">\n\t\t\t\t\t\t<section class=\"elementor-section elementor-inner-section elementor-element elementor-element-3437b90d elementor-section-boxed elementor-section-height-default elementor-section-height-default\" data-id=\"3437b90d\" data-element_type=\"section\">\n\t\t\t\t\t\t<div class=\"elementor-container elementor-column-gap-default\">\n\t\t\t\t\t<div class=\"elementor-column elementor-col-33 elementor-inner-column elementor-element elementor-element-6d01719e ot-flex-column-vertical\" data-id=\"6d01719e\" data-element_type=\"column\">\n\t\t\t<div class=\"elementor-widget-wrap elementor-element-populated\">\n\t\t\t\t\t\t<div class=\"elementor-element elementor-element-6553af49 elementor-view-stacked elementor-shape-circle elementor-position-top elementor-mobile-position-top elementor-widget elementor-widget-icon-box\" data-id=\"6553af49\" data-element_type=\"widget\" data-widget_type=\"icon-box.default\">\n\t\t\t\t<div class=\"elementor-widget-container\">\n\t\t\t\t\t<div class=\"elementor-icon-box-wrapper\">\n\n\t\t\t\t\t\t<div class=\"elementor-icon-box-icon\">\n\t\t\t\t<span  class=\"elementor-icon elementor-animation-wobble-vertical\">\n\t\t\t\t<i aria-hidden=\"true\" class=\"fas fa-map-marker-alt\"><\/i>\t\t\t\t<\/span>\n\t\t\t<\/div>\n\t\t\t\n\t\t\t\t\t\t<div class=\"elementor-icon-box-content\">\n\n\t\t\t\t\t\t\t\t\t<h3 class=\"elementor-icon-box-title\">\n\t\t\t\t\t\t<span  >\n\t\t\t\t\t\t\tKonya Organize Sanayi B\u00f6lgesi B\u00fcy\u00fck Kayac\u0131k Mahallesi Reisk\u00f6y Caddesi No:2, 42250 Sel\u00e7uklu\/Konya\t\t\t\t\t\t<\/span>\n\t\t\t\t\t<\/h3>\n\t\t\t\t\n\t\t\t\t\n\t\t\t<\/div>\n\t\t\t\n\t\t<\/div>\n\t\t\t\t<\/div>\n\t\t\t\t<\/div>\n\t\t\t\t\t<\/div>\n\t\t<\/div>\n\t\t\t\t<div class=\"elementor-column elementor-col-33 elementor-inner-column elementor-element elementor-element-638415c4 ot-flex-column-vertical\" data-id=\"638415c4\" data-element_type=\"column\">\n\t\t\t<div class=\"elementor-widget-wrap elementor-element-populated\">\n\t\t\t\t\t\t<div class=\"elementor-element elementor-element-435ee214 elementor-view-stacked elementor-shape-circle elementor-position-top elementor-mobile-position-top elementor-widget elementor-widget-icon-box\" data-id=\"435ee214\" data-element_type=\"widget\" data-widget_type=\"icon-box.default\">\n\t\t\t\t<div class=\"elementor-widget-container\">\n\t\t\t\t\t<div class=\"elementor-icon-box-wrapper\">\n\n\t\t\t\t\t\t<div class=\"elementor-icon-box-icon\">\n\t\t\t\t<a href=\"mailto:bilgi@sadepakplastik.com.tr\" class=\"elementor-icon elementor-animation-wobble-vertical\" tabindex=\"-1\">\n\t\t\t\t<i aria-hidden=\"true\" class=\"fas fa-envelope\"><\/i>\t\t\t\t<\/a>\n\t\t\t<\/div>\n\t\t\t\n\t\t\t\t\t\t<div class=\"elementor-icon-box-content\">\n\n\t\t\t\t\t\t\t\t\t<h3 class=\"elementor-icon-box-title\">\n\t\t\t\t\t\t<a href=\"mailto:bilgi@sadepakplastik.com.tr\" >\n\t\t\t\t\t\t\tbilgi@sadepakplastik.com.tr export@sadepaklastik.com.tr  sales@sadepakplastik.com.tr\t\t\t\t\t\t<\/a>\n\t\t\t\t\t<\/h3>\n\t\t\t\t\n\t\t\t\t\n\t\t\t<\/div>\n\t\t\t\n\t\t<\/div>\n\t\t\t\t<\/div>\n\t\t\t\t<\/div>\n\t\t\t\t\t<\/div>\n\t\t<\/div>\n\t\t\t\t<div class=\"elementor-column elementor-col-33 elementor-inner-column elementor-element elementor-element-6d3c9f1d ot-flex-column-vertical\" data-id=\"6d3c9f1d\" data-element_type=\"column\">\n\t\t\t<div class=\"elementor-widget-wrap elementor-element-populated\">\n\t\t\t\t\t\t<div class=\"elementor-element elementor-element-52086e6a elementor-view-stacked elementor-shape-circle elementor-position-top elementor-mobile-position-top elementor-widget elementor-widget-icon-box\" data-id=\"52086e6a\" data-element_type=\"widget\" data-widget_type=\"icon-box.default\">\n\t\t\t\t<div class=\"elementor-widget-container\">\n\t\t\t\t\t<div class=\"elementor-icon-box-wrapper\">\n\n\t\t\t\t\t\t<div class=\"elementor-icon-box-icon\">\n\t\t\t\t<a href=\"tel:+903323450804\" class=\"elementor-icon elementor-animation-wobble-vertical\" tabindex=\"-1\">\n\t\t\t\t<i aria-hidden=\"true\" class=\"fas fa-phone-alt\"><\/i>\t\t\t\t<\/a>\n\t\t\t<\/div>\n\t\t\t\n\t\t\t\t\t\t<div class=\"elementor-icon-box-content\">\n\n\t\t\t\t\t\t\t\t\t<h3 class=\"elementor-icon-box-title\">\n\t\t\t\t\t\t<a href=\"tel:+903323450804\" >\n\t\t\t\t\t\t\t0.332 345 08 04 - 0.332 345 07 08\t\t\t\t\t\t<\/a>\n\t\t\t\t\t<\/h3>\n\t\t\t\t\n\t\t\t\t\n\t\t\t<\/div>\n\t\t\t\n\t\t<\/div>\n\t\t\t\t<\/div>\n\t\t\t\t<\/div>\n\t\t\t\t\t<\/div>\n\t\t<\/div>\n\t\t\t\t\t<\/div>\n\t\t<\/section>\n\t\t\t\t<section class=\"elementor-section elementor-inner-section elementor-element elementor-element-67e3a863 elementor-section-boxed elementor-section-height-default elementor-section-height-default\" data-id=\"67e3a863\" data-element_type=\"section\">\n\t\t\t\t\t\t<div class=\"elementor-container elementor-column-gap-default\">\n\t\t\t\t\t<div class=\"elementor-column elementor-col-50 elementor-inner-column elementor-element elementor-element-4e0b805b ot-flex-column-vertical\" data-id=\"4e0b805b\" data-element_type=\"column\">\n\t\t\t<div class=\"elementor-widget-wrap elementor-element-populated\">\n\t\t\t\t\t\t<div class=\"elementor-element elementor-element-ee94739 elementor-widget elementor-widget-image\" data-id=\"ee94739\" data-element_type=\"widget\" data-widget_type=\"image.default\">\n\t\t\t\t<div class=\"elementor-widget-container\">\n\t\t\t\t\t\t\t\t\t\t\t\t\t\t<a href=\"https:\/\/www.google.com\/maps?ll=37.966357,32.607119&#038;z=13&#038;t=m&#038;hl=tr-TR&#038;gl=US&#038;mapclient=embed&#038;cid=17278574540754463498\" target=\"_blank\">\n\t\t\t\t\t\t\t<img fetchpriority=\"high\" decoding=\"async\" width=\"980\" height=\"760\" src=\"https:\/\/sadepakplastik.com.tr\/ar\/wp-content\/uploads\/sites\/3\/2022\/11\/6b829860-46a6-4260-b061-380ada0cb496.jpg\" class=\"attachment-large size-large wp-image-2685\" alt=\"\" srcset=\"https:\/\/sadepakplastik.com.tr\/ar\/wp-content\/uploads\/sites\/3\/2022\/11\/6b829860-46a6-4260-b061-380ada0cb496.jpg 980w, https:\/\/sadepakplastik.com.tr\/ar\/wp-content\/uploads\/sites\/3\/2022\/11\/6b829860-46a6-4260-b061-380ada0cb496-300x233.jpg 300w, https:\/\/sadepakplastik.com.tr\/ar\/wp-content\/uploads\/sites\/3\/2022\/11\/6b829860-46a6-4260-b061-380ada0cb496-768x596.jpg 768w, https:\/\/sadepakplastik.com.tr\/ar\/wp-content\/uploads\/sites\/3\/2022\/11\/6b829860-46a6-4260-b061-380ada0cb496-600x465.jpg 600w\" sizes=\"(max-width: 980px) 100vw, 980px\" \/>\t\t\t\t\t\t\t\t<\/a>\n\t\t\t\t\t\t\t\t\t\t\t\t\t<\/div>\n\t\t\t\t<\/div>\n\t\t\t\t<div class=\"elementor-element elementor-element-3f9a3718 elementor-hidden-desktop elementor-hidden-tablet elementor-hidden-mobile elementor-widget elementor-widget-google_maps\" data-id=\"3f9a3718\" data-element_type=\"widget\" data-widget_type=\"google_maps.default\">\n\t\t\t\t<div class=\"elementor-widget-container\">\n\t\t\t\t\t<div class=\"elementor-custom-embed\">\n\t\t\t<iframe loading=\"lazy\"\n\t\t\t\t\tsrc=\"https:\/\/maps.google.com\/maps?q=Konya%20Organize%20Sanayi%20B%C3%B6lgesi%20B%C3%BCy%C3%BCk%20Kayac%C4%B1k%20Mahallesi%20Reisk%C3%B6y%20Caddesi%20No%3A2%2C%2042250%20Sel%C3%A7uklu%2FKonya%20Sadepak%20Plastik%20Ambalaj%20Sanayi%20Tic.%20Ltd.%20%C5%9Eti&#038;t=m&#038;z=13&#038;output=embed&#038;iwloc=near\"\n\t\t\t\t\ttitle=\"Konya Organize Sanayi B\u00f6lgesi B\u00fcy\u00fck Kayac\u0131k Mahallesi Reisk\u00f6y Caddesi No:2, 42250 Sel\u00e7uklu\/Konya Sadepak Plastik Ambalaj Sanayi Tic. Ltd. \u015eti\"\n\t\t\t\t\taria-label=\"Konya Organize Sanayi B\u00f6lgesi B\u00fcy\u00fck Kayac\u0131k Mahallesi Reisk\u00f6y Caddesi No:2, 42250 Sel\u00e7uklu\/Konya Sadepak Plastik Ambalaj Sanayi Tic. Ltd. \u015eti\"\n\t\t\t><\/iframe>\n\t\t<\/div>\n\t\t\t\t<\/div>\n\t\t\t\t<\/div>\n\t\t\t\t\t<\/div>\n\t\t<\/div>\n\t\t\t\t<div class=\"elementor-column elementor-col-50 elementor-inner-column elementor-element elementor-element-273ea5b5 ot-column-items-center ot-flex-column-vertical\" data-id=\"273ea5b5\" data-element_type=\"column\">\n\t\t\t<div class=\"elementor-widget-wrap elementor-element-populated\">\n\t\t\t\t\t\t<div class=\"elementor-element elementor-element-337446c2 elementor-widget__width-inherit elementor-widget elementor-widget-heading\" data-id=\"337446c2\" data-element_type=\"widget\" data-widget_type=\"heading.default\">\n\t\t\t\t<div class=\"elementor-widget-container\">\n\t\t\t<h2 class=\"elementor-heading-title elementor-size-default\">\u0627\u0644\u0648\u0644\u0627\u064a\u0627\u062a \u0627\u0644\u0645\u062a\u062d\u062f\u0629\n\u0627\u062a\u0635\u0644 \u0639\u0644\u0649 \u0627\u0644\u0641\u0648\u0631!<\/h2>\t\t<\/div>\n\t\t\t\t<\/div>\n\t\t\t\t<div class=\"elementor-element elementor-element-b82d6a4 eael-contact-form-7-button-align-left eael-contact-form-7-button-custom elementor-widget elementor-widget-eael-contact-form-7\" data-id=\"b82d6a4\" data-element_type=\"widget\" data-widget_type=\"eael-contact-form-7.default\">\n\t\t\t\t<div class=\"elementor-widget-container\">\n\t\t\t<div class=\"eael-contact-form-7-wrapper\">\n                <div class=\"eael-contact-form eael-contact-form-7 eael-contact-form-b82d6a4 placeholder-show eael-contact-form-align-default\">\n<div class=\"wpcf7 no-js\" id=\"wpcf7-f2693-o1\" lang=\"tr-TR\" dir=\"ltr\">\n<div class=\"screen-reader-response\"><p role=\"status\" aria-live=\"polite\" aria-atomic=\"true\"><\/p> <ul><\/ul><\/div>\n<form action=\"\/ar\/wp-json\/wp\/v2\/pages\/2216#wpcf7-f2693-o1\" method=\"post\" class=\"wpcf7-form init\" aria-label=\"\u0130leti\u015fim Formu\" novalidate=\"novalidate\" data-status=\"init\">\n<div style=\"display: none;\">\n<input type=\"hidden\" name=\"_wpcf7\" value=\"2693\" \/>\n<input type=\"hidden\" name=\"_wpcf7_version\" value=\"5.9.8\" \/>\n<input type=\"hidden\" name=\"_wpcf7_locale\" value=\"tr_TR\" \/>\n<input type=\"hidden\" name=\"_wpcf7_unit_tag\" value=\"wpcf7-f2693-o1\" \/>\n<input type=\"hidden\" name=\"_wpcf7_container_post\" value=\"0\" \/>\n<input type=\"hidden\" name=\"_wpcf7_posted_data_hash\" value=\"\" \/>\n<\/div>\n<style>\n.main-form input[type=\"text\"]\n{\nbackground-color:#fff;\ncolor:#000;\n}\n<\/style>\n<div class=\"main-form\">\n\t<div class=\"row\">\n\t\t<p class=\"\"><span class=\"wpcf7-form-control-wrap\" data-name=\"ad-soyad\"><input size=\"40\" maxlength=\"400\" class=\"wpcf7-form-control wpcf7-text wpcf7-validates-as-required\" aria-required=\"true\" aria-invalid=\"false\" placeholder=\"\u0627\u0644\u0627\u0633\u0645 \u0648\u0627\u0644\u0644\u0642\u0628*\" value=\"\" type=\"text\" name=\"ad-soyad\" \/><\/span>\n\t\t<\/p>\n\t\t<p class=\"\"><span class=\"wpcf7-form-control-wrap\" data-name=\"tel\"><input size=\"40\" maxlength=\"400\" class=\"wpcf7-form-control wpcf7-tel wpcf7-validates-as-required wpcf7-text wpcf7-validates-as-tel\" aria-required=\"true\" aria-invalid=\"false\" placeholder=\"\u0627\u0644\u0647\u0627\u062a\u0641*\" value=\"\" type=\"tel\" name=\"tel\" \/><\/span>\n\t\t<\/p>\n\t\t<p class=\"\"><span class=\"wpcf7-form-control-wrap\" data-name=\"mail\"><input size=\"40\" maxlength=\"400\" class=\"wpcf7-form-control wpcf7-email wpcf7-text wpcf7-validates-as-email\" aria-invalid=\"false\" placeholder=\"\u0627\u0644\u0628\u0631\u064a\u062f\" value=\"\" type=\"email\" name=\"mail\" \/><\/span>\n\t\t<\/p>\n\t\t<p class=\"\"><span class=\"wpcf7-form-control-wrap\" data-name=\"textarea-209\"><textarea cols=\"40\" rows=\"10\" maxlength=\"2000\" class=\"wpcf7-form-control wpcf7-textarea wpcf7-validates-as-required\" aria-required=\"true\" aria-invalid=\"false\" placeholder=\"\u0631\u0633\u0627\u0644\u0629\" name=\"textarea-209\"><\/textarea><\/span>\n\t\t<\/p>\n\t\t<p class=\"\"><input class=\"wpcf7-form-control wpcf7-submit has-spinner\" type=\"submit\" value=\"\u0625\u0631\u0633\u0627\u0644\" \/>\n\t\t<\/p>\n\t<\/div>\n<\/div><p style=\"display: none !important;\" class=\"akismet-fields-container\" data-prefix=\"_wpcf7_ak_\"><label>&#916;<textarea name=\"_wpcf7_ak_hp_textarea\" cols=\"45\" rows=\"8\" maxlength=\"100\"><\/textarea><\/label><input type=\"hidden\" id=\"ak_js_1\" name=\"_wpcf7_ak_js\" value=\"56\"\/><script type=\"text\/javascript\">\n\/* <![CDATA[ *\/\ndocument.getElementById( \"ak_js_1\" ).setAttribute( \"value\", ( new Date() ).getTime() );\n\/* ]]> *\/\n<\/script>\n<\/p><div class=\"wpcf7-response-output\" aria-hidden=\"true\"><\/div>\n<\/form>\n<\/div>\n<\/div>\n            <\/div>\t\t<\/div>\n\t\t\t\t<\/div>\n\t\t\t\t\t<\/div>\n\t\t<\/div>\n\t\t\t\t\t<\/div>\n\t\t<\/section>\n\t\t\t\t\t<\/div>\n\t\t<\/div>\n\t\t\t\t\t<\/div>\n\t\t<\/section>\n\t\t\t\t<\/div>\n\t\t","protected":false},"excerpt":{"rendered":"<p>Konya Organize Sanayi B\u00f6lgesi B\u00fcy\u00fck Kayac\u0131k Mahallesi Reisk\u00f6y Caddesi No:2, 42250 Sel\u00e7uklu\/Konya bilgi@sadepakplastik.com.tr export@sadepaklastik.com.tr sales@sadepakplastik.com.tr 0.332 345 08 04 &#8211; 0.332 345 07 08 \u0627\u0644\u0648\u0644\u0627\u064a\u0627\u062a \u0627\u0644\u0645\u062a\u062d\u062f\u0629 \u0627\u062a\u0635\u0644 \u0639\u0644\u0649 \u0627\u0644\u0641\u0648\u0631! \u0394<\/p>\n","protected":false},"author":3,"featured_media":0,"parent":0,"menu_order":0,"comment_status":"closed","ping_status":"closed","template":"","meta":{"footnotes":""},"aioseo_notices":[],"_links":{"self":[{"href":"https:\/\/sadepakplastik.com.tr\/ar\/wp-json\/wp\/v2\/pages\/2216"}],"collection":[{"href":"https:\/\/sadepakplastik.com.tr\/ar\/wp-json\/wp\/v2\/pages"}],"about":[{"href":"https:\/\/sadepakplastik.com.tr\/ar\/wp-json\/wp\/v2\/types\/page"}],"author":[{"embeddable":true,"href":"https:\/\/sadepakplastik.com.tr\/ar\/wp-json\/wp\/v2\/users\/3"}],"replies":[{"embeddable":true,"href":"https:\/\/sadepakplastik.com.tr\/ar\/wp-json\/wp\/v2\/comments?post=2216"}],"version-history":[{"count":7,"href":"https:\/\/sadepakplastik.com.tr\/ar\/wp-json\/wp\/v2\/pages\/2216\/revisions"}],"predecessor-version":[{"id":2808,"href":"https:\/\/sadepakplastik.com.tr\/ar\/wp-json\/wp\/v2\/pages\/2216\/revisions\/2808"}],"wp:attachment":[{"href":"https:\/\/sadepakplastik.com.tr\/ar\/wp-json\/wp\/v2\/media?parent=2216"}],"curies":[{"name":"wp","href":"https:\/\/api.w.org\/{rel}","templated":true}]}}