{"id":2216,"date":"2022-08-23T16:06:53","date_gmt":"2022-08-23T13:06:53","guid":{"rendered":"https:\/\/sadepakplastik.com.tr\/?page_id=2216"},"modified":"2022-11-11T11:20:47","modified_gmt":"2022-11-11T08:20:47","slug":"contact-us","status":"publish","type":"page","link":"https:\/\/sadepakplastik.com.tr\/en\/contact-us\/","title":{"rendered":"Contact Us"},"content":{"rendered":"\t\t<div data-elementor-type=\"wp-page\" data-elementor-id=\"2216\" class=\"elementor elementor-2216\">\n\t\t\t\t\t\t<section class=\"elementor-section elementor-top-section elementor-element elementor-element-1d8a1d54 elementor-section-boxed elementor-section-height-default elementor-section-height-default\" data-id=\"1d8a1d54\" data-element_type=\"section\" data-settings=\"{&quot;background_background&quot;:&quot;classic&quot;}\">\n\t\t\t\t\t\t<div class=\"elementor-container elementor-column-gap-default\">\n\t\t\t\t\t<div class=\"elementor-column elementor-col-100 elementor-top-column elementor-element elementor-element-772938f5 ot-flex-column-vertical elementor-invisible\" data-id=\"772938f5\" data-element_type=\"column\" data-settings=\"{&quot;background_background&quot;:&quot;classic&quot;,&quot;animation&quot;:&quot;fadeInUp&quot;}\">\n\t\t\t<div class=\"elementor-widget-wrap elementor-element-populated\">\n\t\t\t\t\t\t<section class=\"elementor-section elementor-inner-section elementor-element elementor-element-3437b90d elementor-section-boxed elementor-section-height-default elementor-section-height-default\" data-id=\"3437b90d\" data-element_type=\"section\">\n\t\t\t\t\t\t<div class=\"elementor-container elementor-column-gap-default\">\n\t\t\t\t\t<div class=\"elementor-column elementor-col-33 elementor-inner-column elementor-element elementor-element-6d01719e ot-flex-column-vertical\" data-id=\"6d01719e\" data-element_type=\"column\">\n\t\t\t<div class=\"elementor-widget-wrap elementor-element-populated\">\n\t\t\t\t\t\t<div class=\"elementor-element elementor-element-6553af49 elementor-view-stacked elementor-shape-circle elementor-position-top elementor-mobile-position-top elementor-widget elementor-widget-icon-box\" data-id=\"6553af49\" data-element_type=\"widget\" data-widget_type=\"icon-box.default\">\n\t\t\t\t<div class=\"elementor-widget-container\">\n\t\t\t\t\t<div class=\"elementor-icon-box-wrapper\">\n\n\t\t\t\t\t\t<div class=\"elementor-icon-box-icon\">\n\t\t\t\t<span  class=\"elementor-icon elementor-animation-wobble-vertical\">\n\t\t\t\t<i aria-hidden=\"true\" class=\"fas fa-map-marker-alt\"><\/i>\t\t\t\t<\/span>\n\t\t\t<\/div>\n\t\t\t\n\t\t\t\t\t\t<div class=\"elementor-icon-box-content\">\n\n\t\t\t\t\t\t\t\t\t<h3 class=\"elementor-icon-box-title\">\n\t\t\t\t\t\t<span  >\n\t\t\t\t\t\t\tKonya Organize Sanayi B\u00f6lgesi B\u00fcy\u00fck Kayac\u0131k Mahallesi Reisk\u00f6y Caddesi No:2, 42250 Sel\u00e7uklu\/Konya\t\t\t\t\t\t<\/span>\n\t\t\t\t\t<\/h3>\n\t\t\t\t\n\t\t\t\t\n\t\t\t<\/div>\n\t\t\t\n\t\t<\/div>\n\t\t\t\t<\/div>\n\t\t\t\t<\/div>\n\t\t\t\t\t<\/div>\n\t\t<\/div>\n\t\t\t\t<div class=\"elementor-column elementor-col-33 elementor-inner-column elementor-element elementor-element-638415c4 ot-flex-column-vertical\" data-id=\"638415c4\" data-element_type=\"column\">\n\t\t\t<div class=\"elementor-widget-wrap elementor-element-populated\">\n\t\t\t\t\t\t<div class=\"elementor-element elementor-element-435ee214 elementor-view-stacked elementor-shape-circle elementor-position-top elementor-mobile-position-top elementor-widget elementor-widget-icon-box\" data-id=\"435ee214\" data-element_type=\"widget\" data-widget_type=\"icon-box.default\">\n\t\t\t\t<div class=\"elementor-widget-container\">\n\t\t\t\t\t<div class=\"elementor-icon-box-wrapper\">\n\n\t\t\t\t\t\t<div class=\"elementor-icon-box-icon\">\n\t\t\t\t<a href=\"mailto:bilgi@sadepakplastik.com.tr\" class=\"elementor-icon elementor-animation-wobble-vertical\" tabindex=\"-1\">\n\t\t\t\t<i aria-hidden=\"true\" class=\"fas fa-envelope\"><\/i>\t\t\t\t<\/a>\n\t\t\t<\/div>\n\t\t\t\n\t\t\t\t\t\t<div class=\"elementor-icon-box-content\">\n\n\t\t\t\t\t\t\t\t\t<h3 class=\"elementor-icon-box-title\">\n\t\t\t\t\t\t<a href=\"mailto:bilgi@sadepakplastik.com.tr\" >\n\t\t\t\t\t\t\tbilgi@sadepakplastik.com.tr export@sadepaklastik.com.tr  sales@sadepakplastik.com.tr\t\t\t\t\t\t<\/a>\n\t\t\t\t\t<\/h3>\n\t\t\t\t\n\t\t\t\t\n\t\t\t<\/div>\n\t\t\t\n\t\t<\/div>\n\t\t\t\t<\/div>\n\t\t\t\t<\/div>\n\t\t\t\t\t<\/div>\n\t\t<\/div>\n\t\t\t\t<div class=\"elementor-column elementor-col-33 elementor-inner-column elementor-element elementor-element-6d3c9f1d ot-flex-column-vertical\" data-id=\"6d3c9f1d\" data-element_type=\"column\">\n\t\t\t<div class=\"elementor-widget-wrap elementor-element-populated\">\n\t\t\t\t\t\t<div class=\"elementor-element elementor-element-52086e6a elementor-view-stacked elementor-shape-circle elementor-position-top elementor-mobile-position-top elementor-widget elementor-widget-icon-box\" data-id=\"52086e6a\" data-element_type=\"widget\" data-widget_type=\"icon-box.default\">\n\t\t\t\t<div class=\"elementor-widget-container\">\n\t\t\t\t\t<div class=\"elementor-icon-box-wrapper\">\n\n\t\t\t\t\t\t<div class=\"elementor-icon-box-icon\">\n\t\t\t\t<a href=\"tel:+903323450804\" class=\"elementor-icon elementor-animation-wobble-vertical\" tabindex=\"-1\">\n\t\t\t\t<i aria-hidden=\"true\" class=\"fas fa-phone-alt\"><\/i>\t\t\t\t<\/a>\n\t\t\t<\/div>\n\t\t\t\n\t\t\t\t\t\t<div class=\"elementor-icon-box-content\">\n\n\t\t\t\t\t\t\t\t\t<h3 class=\"elementor-icon-box-title\">\n\t\t\t\t\t\t<a href=\"tel:+903323450804\" >\n\t\t\t\t\t\t\t0.332 345 08 04 - 0.332 345 07 08\t\t\t\t\t\t<\/a>\n\t\t\t\t\t<\/h3>\n\t\t\t\t\n\t\t\t\t\n\t\t\t<\/div>\n\t\t\t\n\t\t<\/div>\n\t\t\t\t<\/div>\n\t\t\t\t<\/div>\n\t\t\t\t\t<\/div>\n\t\t<\/div>\n\t\t\t\t\t<\/div>\n\t\t<\/section>\n\t\t\t\t<section class=\"elementor-section elementor-inner-section elementor-element elementor-element-67e3a863 elementor-section-boxed elementor-section-height-default elementor-section-height-default\" data-id=\"67e3a863\" data-element_type=\"section\">\n\t\t\t\t\t\t<div class=\"elementor-container elementor-column-gap-default\">\n\t\t\t\t\t<div class=\"elementor-column elementor-col-50 elementor-inner-column elementor-element elementor-element-4e0b805b ot-flex-column-vertical\" data-id=\"4e0b805b\" data-element_type=\"column\">\n\t\t\t<div class=\"elementor-widget-wrap elementor-element-populated\">\n\t\t\t\t\t\t<div class=\"elementor-element elementor-element-ee94739 elementor-widget elementor-widget-image\" data-id=\"ee94739\" data-element_type=\"widget\" data-widget_type=\"image.default\">\n\t\t\t\t<div class=\"elementor-widget-container\">\n\t\t\t\t\t\t\t\t\t\t\t\t\t\t<a href=\"https:\/\/www.google.com\/maps?ll=37.966357,32.607119&#038;z=13&#038;t=m&#038;hl=tr-TR&#038;gl=US&#038;mapclient=embed&#038;cid=17278574540754463498\" target=\"_blank\">\n\t\t\t\t\t\t\t<img fetchpriority=\"high\" decoding=\"async\" width=\"980\" height=\"760\" src=\"https:\/\/sadepakplastik.com.tr\/en\/wp-content\/uploads\/sites\/2\/2022\/11\/6b829860-46a6-4260-b061-380ada0cb496.jpg\" class=\"attachment-large size-large wp-image-2685\" alt=\"\" srcset=\"https:\/\/sadepakplastik.com.tr\/en\/wp-content\/uploads\/sites\/2\/2022\/11\/6b829860-46a6-4260-b061-380ada0cb496.jpg 980w, https:\/\/sadepakplastik.com.tr\/en\/wp-content\/uploads\/sites\/2\/2022\/11\/6b829860-46a6-4260-b061-380ada0cb496-300x233.jpg 300w, https:\/\/sadepakplastik.com.tr\/en\/wp-content\/uploads\/sites\/2\/2022\/11\/6b829860-46a6-4260-b061-380ada0cb496-768x596.jpg 768w, https:\/\/sadepakplastik.com.tr\/en\/wp-content\/uploads\/sites\/2\/2022\/11\/6b829860-46a6-4260-b061-380ada0cb496-600x465.jpg 600w\" sizes=\"(max-width: 980px) 100vw, 980px\" \/>\t\t\t\t\t\t\t\t<\/a>\n\t\t\t\t\t\t\t\t\t\t\t\t\t<\/div>\n\t\t\t\t<\/div>\n\t\t\t\t<div class=\"elementor-element elementor-element-3f9a3718 elementor-hidden-desktop elementor-hidden-tablet elementor-hidden-mobile elementor-widget elementor-widget-google_maps\" data-id=\"3f9a3718\" data-element_type=\"widget\" data-widget_type=\"google_maps.default\">\n\t\t\t\t<div class=\"elementor-widget-container\">\n\t\t\t\t\t<div class=\"elementor-custom-embed\">\n\t\t\t<iframe loading=\"lazy\"\n\t\t\t\t\tsrc=\"https:\/\/maps.google.com\/maps?q=Konya%20Organize%20Sanayi%20B%C3%B6lgesi%20B%C3%BCy%C3%BCk%20Kayac%C4%B1k%20Mahallesi%20Reisk%C3%B6y%20Caddesi%20No%3A2%2C%2042250%20Sel%C3%A7uklu%2FKonya%20Sadepak%20Plastik%20Ambalaj%20Sanayi%20Tic.%20Ltd.%20%C5%9Eti&#038;t=m&#038;z=13&#038;output=embed&#038;iwloc=near\"\n\t\t\t\t\ttitle=\"Konya Organize Sanayi B\u00f6lgesi B\u00fcy\u00fck Kayac\u0131k Mahallesi Reisk\u00f6y Caddesi No:2, 42250 Sel\u00e7uklu\/Konya Sadepak Plastik Ambalaj Sanayi Tic. Ltd. \u015eti\"\n\t\t\t\t\taria-label=\"Konya Organize Sanayi B\u00f6lgesi B\u00fcy\u00fck Kayac\u0131k Mahallesi Reisk\u00f6y Caddesi No:2, 42250 Sel\u00e7uklu\/Konya Sadepak Plastik Ambalaj Sanayi Tic. Ltd. \u015eti\"\n\t\t\t><\/iframe>\n\t\t<\/div>\n\t\t\t\t<\/div>\n\t\t\t\t<\/div>\n\t\t\t\t\t<\/div>\n\t\t<\/div>\n\t\t\t\t<div class=\"elementor-column elementor-col-50 elementor-inner-column elementor-element elementor-element-273ea5b5 ot-column-items-center ot-flex-column-vertical\" data-id=\"273ea5b5\" data-element_type=\"column\">\n\t\t\t<div class=\"elementor-widget-wrap elementor-element-populated\">\n\t\t\t\t\t\t<div class=\"elementor-element elementor-element-337446c2 elementor-widget__width-inherit elementor-widget elementor-widget-heading\" data-id=\"337446c2\" data-element_type=\"widget\" data-widget_type=\"heading.default\">\n\t\t\t\t<div class=\"elementor-widget-container\">\n\t\t\t<h2 class=\"elementor-heading-title elementor-size-default\">Contact Us Now!<\/h2>\t\t<\/div>\n\t\t\t\t<\/div>\n\t\t\t\t<div class=\"elementor-element elementor-element-b82d6a4 eael-contact-form-7-button-align-left eael-contact-form-7-button-custom elementor-widget elementor-widget-eael-contact-form-7\" data-id=\"b82d6a4\" data-element_type=\"widget\" data-widget_type=\"eael-contact-form-7.default\">\n\t\t\t\t<div class=\"elementor-widget-container\">\n\t\t\t<div class=\"eael-contact-form-7-wrapper\">\n                <div class=\"eael-contact-form eael-contact-form-7 eael-contact-form-b82d6a4 placeholder-show eael-contact-form-align-default\"><p class=\"wpcf7-contact-form-not-found\"><strong>Error:<\/strong> Contact form not found.<\/p><\/div>\n            <\/div>\t\t<\/div>\n\t\t\t\t<\/div>\n\t\t\t\t\t<\/div>\n\t\t<\/div>\n\t\t\t\t\t<\/div>\n\t\t<\/section>\n\t\t\t\t\t<\/div>\n\t\t<\/div>\n\t\t\t\t\t<\/div>\n\t\t<\/section>\n\t\t\t\t<\/div>\n\t\t","protected":false},"excerpt":{"rendered":"<p>Konya Organize Sanayi B\u00f6lgesi B\u00fcy\u00fck Kayac\u0131k Mahallesi Reisk\u00f6y Caddesi No:2, 42250 Sel\u00e7uklu\/Konya bilgi@sadepakplastik.com.tr export@sadepaklastik.com.tr sales@sadepakplastik.com.tr 0.332 345 08 04 &#8211; 0.332 345 07 08 Contact Us Now! \u0394<\/p>\n","protected":false},"author":2,"featured_media":0,"parent":0,"menu_order":0,"comment_status":"closed","ping_status":"closed","template":"","meta":{"footnotes":""},"aioseo_notices":[],"_links":{"self":[{"href":"https:\/\/sadepakplastik.com.tr\/en\/wp-json\/wp\/v2\/pages\/2216"}],"collection":[{"href":"https:\/\/sadepakplastik.com.tr\/en\/wp-json\/wp\/v2\/pages"}],"about":[{"href":"https:\/\/sadepakplastik.com.tr\/en\/wp-json\/wp\/v2\/types\/page"}],"author":[{"embeddable":true,"href":"https:\/\/sadepakplastik.com.tr\/en\/wp-json\/wp\/v2\/users\/2"}],"replies":[{"embeddable":true,"href":"https:\/\/sadepakplastik.com.tr\/en\/wp-json\/wp\/v2\/comments?post=2216"}],"version-history":[{"count":4,"href":"https:\/\/sadepakplastik.com.tr\/en\/wp-json\/wp\/v2\/pages\/2216\/revisions"}],"predecessor-version":[{"id":2801,"href":"https:\/\/sadepakplastik.com.tr\/en\/wp-json\/wp\/v2\/pages\/2216\/revisions\/2801"}],"wp:attachment":[{"href":"https:\/\/sadepakplastik.com.tr\/en\/wp-json\/wp\/v2\/media?parent=2216"}],"curies":[{"name":"wp","href":"https:\/\/api.w.org\/{rel}","templated":true}]}}