{"id":2100,"date":"2022-08-23T10:51:23","date_gmt":"2022-08-23T07:51:23","guid":{"rendered":"http:\/\/localhost\/sadepakplastik\/?post_type=product&#038;p=2100"},"modified":"2022-11-09T09:55:59","modified_gmt":"2022-11-09T06:55:59","slug":"sp-36-ozel-tasarim-ambalaj","status":"publish","type":"product","link":"https:\/\/sadepakplastik.com.tr\/en\/product\/sp-36-ozel-tasarim-ambalaj\/","title":{"rendered":"SP.36 SPECIAL DESIGN PACKAGING"},"content":{"rendered":"<table border=\"1\" cellspacing=\"0\" cellpadding=\"0\">\n<tbody>\n<tr style=\"background-color: #00b5cc;width: 200px\">\n<td style=\"text-align: center;color: #fff\" colspan=\"2\">Product Code: SP.36\/MURATBEY<\/td>\n<td style=\"text-align: center;color: #fff\" colspan=\"2\">Filling Volume:<\/td>\n<\/tr>\n<tr>\n<td>\u00dcr\u00fcn Detay\u0131<\/td>\n<td style=\"text-align: center\">Weight (g)<\/td>\n<td style=\"text-align: center\">Packaging (pcs)<\/td>\n<td style=\"text-align: center\">Pressing<\/td>\n<\/tr>\n<tr>\n<td>Body<\/td>\n<td><\/td>\n<td><\/td>\n<td>IML<\/td>\n<\/tr>\n<tr>\n<td>Cover<\/td>\n<td><\/td>\n<td><\/td>\n<td>IML<\/td>\n<\/tr>\n<tr>\n<td>Handle<\/td>\n<td><\/td>\n<td><\/td>\n<td><\/td>\n<\/tr>\n<tr>\n<td>Raw material<\/td>\n<td>PP<\/td>\n<td>PACKAGE BOX<\/td>\n<td><\/td>\n<\/tr>\n<tr>\n<td>Color<\/td>\n<td>TRANSPARENT-WHITE<\/td>\n<td><\/td>\n<td><\/td>\n<\/tr>\n<\/tbody>\n<\/table>\n","protected":false},"excerpt":{"rendered":"<p>Product Code: SP.36\/MURATBEY Filling Volume: \u00dcr\u00fcn Detay\u0131 Weight (g) Packaging (pcs) Pressing Body IML Cover IML Handle Raw material PP PACKAGE BOX Color TRANSPARENT-WHITE<\/p>\n","protected":false},"featured_media":2122,"comment_status":"open","ping_status":"closed","template":"","meta":[],"product_cat":[21],"product_tag":[],"aioseo_notices":[],"_links":{"self":[{"href":"https:\/\/sadepakplastik.com.tr\/en\/wp-json\/wp\/v2\/product\/2100"}],"collection":[{"href":"https:\/\/sadepakplastik.com.tr\/en\/wp-json\/wp\/v2\/product"}],"about":[{"href":"https:\/\/sadepakplastik.com.tr\/en\/wp-json\/wp\/v2\/types\/product"}],"replies":[{"embeddable":true,"href":"https:\/\/sadepakplastik.com.tr\/en\/wp-json\/wp\/v2\/comments?post=2100"}],"wp:featuredmedia":[{"embeddable":true,"href":"https:\/\/sadepakplastik.com.tr\/en\/wp-json\/wp\/v2\/media\/2122"}],"wp:attachment":[{"href":"https:\/\/sadepakplastik.com.tr\/en\/wp-json\/wp\/v2\/media?parent=2100"}],"wp:term":[{"taxonomy":"product_cat","embeddable":true,"href":"https:\/\/sadepakplastik.com.tr\/en\/wp-json\/wp\/v2\/product_cat?post=2100"},{"taxonomy":"product_tag","embeddable":true,"href":"https:\/\/sadepakplastik.com.tr\/en\/wp-json\/wp\/v2\/product_tag?post=2100"}],"curies":[{"name":"wp","href":"https:\/\/api.w.org\/{rel}","templated":true}]}}