{"id":2500,"date":"2022-09-07T17:21:18","date_gmt":"2022-09-07T14:21:18","guid":{"rendered":"https:\/\/sadepakplastik.com.tr\/?post_type=product&#038;p=2500"},"modified":"2022-11-08T17:13:46","modified_gmt":"2022-11-08T14:13:46","slug":"sp-51-yuvarlak-ambalaj","status":"publish","type":"product","link":"https:\/\/sadepakplastik.com.tr\/en\/product\/sp-51-yuvarlak-ambalaj\/","title":{"rendered":"SP.51 SPECIAL PACKAGING"},"content":{"rendered":"<table border=\"1\" cellspacing=\"0\" cellpadding=\"0\">\n<tbody>\n<tr style=\"background-color: #00b5cc;width: 200px\">\n<td style=\"text-align: center;color: #fff\" colspan=\"2\">Product Code: SP.51<\/td>\n<td style=\"text-align: center;color: #fff\" colspan=\"2\">Filling Volume: 510 ML<\/td>\n<\/tr>\n<tr>\n<td>\u00dcr\u00fcn Detay\u0131<\/td>\n<td style=\"text-align: center\">Weight (g)<\/td>\n<td style=\"text-align: center\">Packaging (pcs)<\/td>\n<td style=\"text-align: center\">Pressing<\/td>\n<\/tr>\n<tr>\n<td>Body<\/td>\n<td>20<\/td>\n<td>600<\/td>\n<td>IML<\/td>\n<\/tr>\n<tr>\n<td>Cover<\/td>\n<td>5,4<\/td>\n<td>3300<\/td>\n<td>IML<\/td>\n<\/tr>\n<tr>\n<td>Handle<\/td>\n<td>2<\/td>\n<td>&#8211;<\/td>\n<td>&#8211;<\/td>\n<\/tr>\n<tr>\n<td>Raw material<\/td>\n<td>PP<\/td>\n<td>PACKAGE BOX<\/td>\n<td>&#8211;<\/td>\n<\/tr>\n<tr>\n<td>Color<\/td>\n<td>WHITE\/TRANSPARENT<\/td>\n<td>&#8211;<\/td>\n<td>&#8211;<\/td>\n<\/tr>\n<\/tbody>\n<\/table>\n<p><button style=\"background-color: #00b5cc;color: white;width: 33%;border: none\">Technical Specifications<\/button><\/p>\n","protected":false},"excerpt":{"rendered":"<p>Product Code: SP.51 Filling Volume: 510 ML \u00dcr\u00fcn Detay\u0131 Weight (g) Packaging (pcs) Pressing Body 20 600 IML Cover 5,4 3300 IML Handle 2 &#8211; &#8211; Raw material PP PACKAGE BOX &#8211; Color WHITE\/TRANSPARENT &#8211; &#8211; Technical Specifications<\/p>\n","protected":false},"featured_media":2501,"comment_status":"open","ping_status":"closed","template":"","meta":[],"product_cat":[21],"product_tag":[],"aioseo_notices":[],"_links":{"self":[{"href":"https:\/\/sadepakplastik.com.tr\/en\/wp-json\/wp\/v2\/product\/2500"}],"collection":[{"href":"https:\/\/sadepakplastik.com.tr\/en\/wp-json\/wp\/v2\/product"}],"about":[{"href":"https:\/\/sadepakplastik.com.tr\/en\/wp-json\/wp\/v2\/types\/product"}],"replies":[{"embeddable":true,"href":"https:\/\/sadepakplastik.com.tr\/en\/wp-json\/wp\/v2\/comments?post=2500"}],"wp:featuredmedia":[{"embeddable":true,"href":"https:\/\/sadepakplastik.com.tr\/en\/wp-json\/wp\/v2\/media\/2501"}],"wp:attachment":[{"href":"https:\/\/sadepakplastik.com.tr\/en\/wp-json\/wp\/v2\/media?parent=2500"}],"wp:term":[{"taxonomy":"product_cat","embeddable":true,"href":"https:\/\/sadepakplastik.com.tr\/en\/wp-json\/wp\/v2\/product_cat?post=2500"},{"taxonomy":"product_tag","embeddable":true,"href":"https:\/\/sadepakplastik.com.tr\/en\/wp-json\/wp\/v2\/product_tag?post=2500"}],"curies":[{"name":"wp","href":"https:\/\/api.w.org\/{rel}","templated":true}]}}